{"id":15,"date":"2025-01-29T10:53:02","date_gmt":"2025-01-29T10:53:02","guid":{"rendered":"https:\/\/www.coincouleurs.ch\/?page_id=15"},"modified":"2025-04-28T12:57:18","modified_gmt":"2025-04-28T12:57:18","slug":"accueil","status":"publish","type":"page","link":"https:\/\/www.coincouleurs.ch\/","title":{"rendered":"Accueil"},"content":{"rendered":"\n<h2 class=\"wp-block-heading\"><br>Bienvenue au Coin Couleurs !<\/h2>\n\n\n\n<p>Dans cet espace lumineux et inspirant, exprimez pleinement votre cr\u00e9ativit\u00e9 ! Que vous soyez amateur ou passionn\u00e9, enfant ou adulte, d\u00e9butant ou artiste en herbe, vous trouverez au Coin Couleur une multitude d\u2019activit\u00e9s artistiques adapt\u00e9es \u00e0 vos envies : dessin, peinture, bricolage, techniques mixtes, sculpture, aquarelle, papier m\u00e2ch\u00e9, art intuitif, et bien plus encore.<\/p>\n\n\n\n<p>Laissez libre cours \u00e0 votre imagination, accompagn\u00e9(e) par une \u00e9quipe passionn\u00e9e et bienveillante. Venez d\u00e9couvrir nos cours, ateliers, et \u00e9v\u00e9nements cr\u00e9atifs qui sauront combler toutes vos attentes !<\/p>\n\n\n\n<p><strong>Restez inform\u00e9(e) !<\/strong> Consultez nos actualit\u00e9s pour d\u00e9couvrir les nouveaux ateliers et \u00e9v\u00e9nements propos\u00e9s.<\/p>\n\n\n\n<hr class=\"wp-block-separator has-alpha-channel-opacity\"\/>\n\n\n<ul class=\"wp-block-latest-posts__list has-dates wp-block-latest-posts\"><li><a class=\"wp-block-latest-posts__post-title\" href=\"https:\/\/www.coincouleurs.ch\/index.php\/2025\/06\/06\/les-vacances-creatives-sont-de-retour\/\">Les vacances cr\u00e9atives sont de retour.<\/a><time datetime=\"2025-06-06T12:51:04+00:00\" class=\"wp-block-latest-posts__post-date\">juin 6, 2025<\/time><div class=\"wp-block-latest-posts__post-excerpt\">Comme chaque ann\u00e9e, Corinne organise ses Vacances Cr\u00e9atives pour les enfants de 4 \u00e0 12 ans.Une semaine de vacances unique, ludique et riche en d\u00e9couvertes : jeux, activit\u00e9s artistiques, repas conviviaux\u2026Un super plan pour s\u2019amuser, apprendre et cr\u00e9er dans une ambiance chaleureuse ! Inscris-toi vite, les places sont limit\u00e9es !<\/div><\/li>\n<li><div class=\"wp-block-latest-posts__featured-image\"><a href=\"https:\/\/www.coincouleurs.ch\/index.php\/2025\/04\/28\/la-decoration-est-la\/\" aria-label=\"La d\u00e9coration est l\u00e0\"><img loading=\"lazy\" decoding=\"async\" width=\"300\" height=\"300\" src=\"https:\/\/www.coincouleurs.ch\/wp-content\/uploads\/2025\/04\/1-300x300.png\" class=\"attachment-medium size-medium wp-post-image\" alt=\"\" style=\"\" srcset=\"https:\/\/www.coincouleurs.ch\/wp-content\/uploads\/2025\/04\/1-300x300.png 300w, https:\/\/www.coincouleurs.ch\/wp-content\/uploads\/2025\/04\/1-1024x1024.png 1024w, https:\/\/www.coincouleurs.ch\/wp-content\/uploads\/2025\/04\/1-150x150.png 150w, https:\/\/www.coincouleurs.ch\/wp-content\/uploads\/2025\/04\/1-768x768.png 768w, https:\/\/www.coincouleurs.ch\/wp-content\/uploads\/2025\/04\/1.png 1080w\" sizes=\"auto, (max-width: 300px) 100vw, 300px\" \/><\/a><\/div><a class=\"wp-block-latest-posts__post-title\" href=\"https:\/\/www.coincouleurs.ch\/index.php\/2025\/04\/28\/la-decoration-est-la\/\">La d\u00e9coration est l\u00e0<\/a><time datetime=\"2025-04-28T09:53:37+00:00\" class=\"wp-block-latest-posts__post-date\">avril 28, 2025<\/time><div class=\"wp-block-latest-posts__post-excerpt\">Tu as pass\u00e9 ses derniers jours devant la porte ! Tu as surement reconnu le th\u00e8me d&rsquo;Alice au pays du coin couleurs ! On esp\u00e8re inspirer les \u00e9l\u00e8ves avec ce th\u00e8me magique ! A bient\u00f4t !<\/div><\/li>\n<\/ul>","protected":false},"excerpt":{"rendered":"<p>Bienvenue au Coin Couleurs ! Dans cet espace lumineux et inspirant, exprimez pleinement votre cr\u00e9ativit\u00e9 ! Que vous soyez amateur ou passionn\u00e9, enfant ou adulte, d\u00e9butant ou artiste en herbe, vous trouverez au Coin Couleur une multitude d\u2019activit\u00e9s artistiques adapt\u00e9es \u00e0 vos envies : dessin, peinture, bricolage, techniques mixtes, sculpture, aquarelle, papier m\u00e2ch\u00e9, art intuitif, [&hellip;]<\/p>\n","protected":false},"author":1,"featured_media":469,"parent":0,"menu_order":0,"comment_status":"closed","ping_status":"closed","template":"","meta":{"footnotes":""},"class_list":["post-15","page","type-page","status-publish","has-post-thumbnail","hentry"],"_links":{"self":[{"href":"https:\/\/www.coincouleurs.ch\/index.php\/wp-json\/wp\/v2\/pages\/15","targetHints":{"allow":["GET"]}}],"collection":[{"href":"https:\/\/www.coincouleurs.ch\/index.php\/wp-json\/wp\/v2\/pages"}],"about":[{"href":"https:\/\/www.coincouleurs.ch\/index.php\/wp-json\/wp\/v2\/types\/page"}],"author":[{"embeddable":true,"href":"https:\/\/www.coincouleurs.ch\/index.php\/wp-json\/wp\/v2\/users\/1"}],"replies":[{"embeddable":true,"href":"https:\/\/www.coincouleurs.ch\/index.php\/wp-json\/wp\/v2\/comments?post=15"}],"version-history":[{"count":8,"href":"https:\/\/www.coincouleurs.ch\/index.php\/wp-json\/wp\/v2\/pages\/15\/revisions"}],"predecessor-version":[{"id":537,"href":"https:\/\/www.coincouleurs.ch\/index.php\/wp-json\/wp\/v2\/pages\/15\/revisions\/537"}],"wp:featuredmedia":[{"embeddable":true,"href":"https:\/\/www.coincouleurs.ch\/index.php\/wp-json\/wp\/v2\/media\/469"}],"wp:attachment":[{"href":"https:\/\/www.coincouleurs.ch\/index.php\/wp-json\/wp\/v2\/media?parent=15"}],"curies":[{"name":"wp","href":"https:\/\/api.w.org\/{rel}","templated":true}]}}